{"id":12,"date":"2026-01-31T22:55:04","date_gmt":"2026-01-31T21:55:04","guid":{"rendered":"https:\/\/e-kancelaria24.pl\/?page_id=12"},"modified":"2026-02-01T02:12:17","modified_gmt":"2026-02-01T01:12:17","slug":"strona-glowna","status":"publish","type":"page","link":"https:\/\/e-kancelaria24.pl\/","title":{"rendered":"O nas"},"content":{"rendered":"\n<div class=\"wp-block-group alignfull is-content-justification-center\" style=\"margin-top:0;margin-bottom:0;padding-top:calc( 0.5 * var(--wp--style--root--padding-right, var(--wp--custom--gap--horizontal)));padding-right:var(--wp--style--root--padding-right, var(--wp--custom--gap--horizontal));padding-bottom:calc( 0.5 * var(--wp--style--root--padding-right, var(--wp--custom--gap--horizontal)));padding-left:var(--wp--style--root--padding-left, var(--wp--custom--gap--horizontal))\"><div class=\"wp-block-group__inner-container is-layout-constrained wp-container-core-group-is-layout-b073b61b wp-block-group-is-layout-constrained\">\n<div style=\"height:calc( 0.25 * var(--wp--style--root--padding-right, var(--wp--custom--gap--horizontal)))\" aria-hidden=\"true\" class=\"wp-block-spacer\"><\/div>\n\n\n\n<div class=\"wp-block-columns alignwide is-layout-flex wp-container-core-columns-is-layout-7a7dc5d5 wp-block-columns-is-layout-flex\" style=\"margin-top:0px;margin-bottom:0px\">\n<div class=\"wp-block-column is-layout-flow wp-block-column-is-layout-flow\">\n<div class=\"wp-block-cover is-light\" style=\"min-height:800px;aspect-ratio:unset;\"><img decoding=\"async\" class=\"wp-block-cover__image-background\" alt=\"Obrazek zast\u0119pczy u\u017cywany do reprezentowania prezentowanego produktu.\" src=\"https:\/\/e-kancelaria24.pl\/wp-content\/plugins\/woocommerce\/assets\/images\/pattern-placeholders\/drinkware-liquid-tableware-dishware-bottle-fluid.jpg\" data-object-fit=\"cover\"\/><span aria-hidden=\"true\" class=\"wp-block-cover__background has-background-dim-0 has-background-dim\"><\/span><div class=\"wp-block-cover__inner-container is-layout-constrained wp-block-cover-is-layout-constrained\">\n<p class=\"has-text-align-center has-large-font-size\"><\/p>\n<\/div><\/div>\n<\/div>\n\n\n\n<div class=\"wp-block-column is-vertically-aligned-center is-layout-flow wp-block-column-is-layout-flow\">\n<div class=\"wp-block-group\" style=\"margin-top:0;margin-bottom:0;padding-top:20px;padding-right:50px;padding-bottom:20px;padding-left:50px\"><div class=\"wp-block-group__inner-container is-layout-constrained wp-container-core-group-is-layout-00f38153 wp-block-group-is-layout-constrained\">\n<h2 class=\"wp-block-heading\">e-kancelaria24.pl<\/h2>\n\n\n\n<div class=\"wp-block-group\"><div class=\"wp-block-group__inner-container is-layout-constrained wp-block-group-is-layout-constrained\">\n<div class=\"wp-block-group\"><div class=\"wp-block-group__inner-container is-layout-constrained wp-block-group-is-layout-constrained\">\n<h4 class=\"wp-block-heading\" style=\"text-transform:capitalize\">Szybka pomoc prawna bez wychodzenia z domu<\/h4>\n\n\n\n<p>Podnie\u015b sw\u00f3j st\u00f3\u0142 dzi\u0119ki szklanemu dzbankowi Retro o pojemno\u015bci 330 ml, \u0142\u0105cz\u0105cemu klasyczny design i wytrzyma\u0142e szk\u0142o hartowane.<\/p>\n<\/div><\/div>\n\n\n\n<hr class=\"wp-block-separator has-alpha-channel-opacity is-style-wide\"\/>\n\n\n\n<div class=\"wp-block-group\"><div class=\"wp-block-group__inner-container is-layout-constrained wp-block-group-is-layout-constrained\">\n<h5 class=\"wp-block-heading\" style=\"text-transform:capitalize\">Wytrzyma\u0142e szk\u0142o<\/h5>\n\n\n\n<p>Wykonany z wytrzyma\u0142ego, grubego szk\u0142a dzbanek zapewnia trwa\u0142\u0105 jako\u015b\u0107, dzi\u0119ki czemu idealnie nadaje si\u0119 do codziennego u\u017cytku z odrobin\u0105 uroku vintage.<\/p>\n<\/div><\/div>\n\n\n\n<hr class=\"wp-block-separator has-alpha-channel-opacity is-style-wide\"\/>\n\n\n\n<div class=\"wp-block-group\"><div class=\"wp-block-group__inner-container is-layout-constrained wp-block-group-is-layout-constrained\">\n<h5 class=\"wp-block-heading\" style=\"text-transform:capitalize\">Wszechstronny urok<\/h5>\n\n\n\n<p>Klasyczna sylwetka szklanego dzbanka Retro bez trudu uzupe\u0142ni ka\u017cd\u0105 aran\u017cacj\u0119, dzi\u0119ki czemu jest idealnym wyborem do serwowania napoj\u00f3w ze stylem i polotem.<\/p>\n<\/div><\/div>\n<\/div><\/div>\n\n\n\n<div class=\"wp-block-buttons is-layout-flex wp-block-buttons-is-layout-flex\">\n<div class=\"wp-block-button\"><a class=\"wp-block-button__link wp-element-button\" href=\"https:\/\/e-kancelaria24.pl\/?page_id=5\">Kup teraz<\/a><\/div>\n<\/div>\n<\/div><\/div>\n<\/div>\n<\/div>\n\n\n\n<div style=\"height:calc( 0.25 * var(--wp--style--root--padding-right, var(--wp--custom--gap--horizontal)))\" aria-hidden=\"true\" class=\"wp-block-spacer\"><\/div>\n<\/div><\/div>\n\n\n\n<div style=\"height:100px\" aria-hidden=\"true\" class=\"wp-block-spacer\"><\/div>\n\n\n\n<div class=\"wp-block-group alignfull is-content-justification-center\" style=\"margin-top:0;margin-bottom:0;padding-top:calc( 0.5 * var(--wp--style--root--padding-right, var(--wp--custom--gap--horizontal)));padding-right:var(--wp--style--root--padding-right, var(--wp--custom--gap--horizontal));padding-bottom:calc( 0.5 * var(--wp--style--root--padding-right, var(--wp--custom--gap--horizontal)));padding-left:var(--wp--style--root--padding-left, var(--wp--custom--gap--horizontal))\"><div class=\"wp-block-group__inner-container is-layout-constrained wp-container-core-group-is-layout-b073b61b wp-block-group-is-layout-constrained\">\n<div style=\"height:calc( 0.25 * var(--wp--style--root--padding-right, var(--wp--custom--gap--horizontal)))\" aria-hidden=\"true\" class=\"wp-block-spacer\"><\/div>\n\n\n\n<div class=\"wp-block-columns alignwide is-layout-flex wp-container-core-columns-is-layout-fb320e7c wp-block-columns-is-layout-flex\" style=\"margin-top:0px;margin-bottom:0px;padding-top:0;padding-right:0;padding-bottom:0;padding-left:0\">\n<div class=\"wp-block-column is-layout-flow wp-block-column-is-layout-flow\">\n<div class=\"wp-block-cover has-custom-content-position is-position-bottom-center is-light has-white-color\" style=\"padding-bottom:56px\"><img decoding=\"async\" class=\"wp-block-cover__image-background wp-image-1\" alt=\"Obrazek zast\u0119pczy u\u017cywany do przedstawienia produkt\u00f3w prezentowanych na banerze wyr\u00f3\u017cnionych kategorii. 1 z 3.\" src=\"https:\/\/e-kancelaria24.pl\/wp-content\/plugins\/woocommerce\/assets\/images\/pattern-placeholders\/tree-branch-plant-wood-leaf-flower.jpg\" data-object-fit=\"cover\"\/><span aria-hidden=\"true\" class=\"wp-block-cover__background has-black-background-color has-background-dim-30 has-background-dim\"><\/span><div class=\"wp-block-cover__inner-container is-layout-flow wp-block-cover-is-layout-flow\">\n<h4 class=\"wp-block-heading has-text-align-center\" style=\"margin-bottom:24px\">Wystr\u00f3j domu<\/h4>\n\n\n\n<p class=\"has-text-align-center has-link-color wp-elements-5ae798d9f652981e542e54e5481ef1bf\" style=\"margin-top:0;margin-bottom:0;padding-top:0;padding-bottom:0\">\n\t\t\t\t\t\t<a href=\"https:\/\/e-kancelaria24.pl\/?page_id=5\" data-type=\"link\" data-id=\"https:\/\/e-kancelaria24.pl\/?page_id=5\">Kup teraz<\/a>\n\t\t\t\t\t<\/p>\n<\/div><\/div>\n<\/div>\n\n\n\n<div class=\"wp-block-column is-layout-flow wp-block-column-is-layout-flow\">\n<div class=\"wp-block-cover has-custom-content-position is-position-bottom-center is-light has-white-color\" style=\"padding-bottom:56px\"><img decoding=\"async\" class=\"wp-block-cover__image-background wp-image-1\" alt=\"Obrazek zast\u0119pczy u\u017cywany do przedstawienia produkt\u00f3w prezentowanych na banerze wyr\u00f3\u017cnionych kategorii. 2 z 3.\" src=\"https:\/\/e-kancelaria24.pl\/wp-content\/plugins\/woocommerce\/assets\/images\/pattern-placeholders\/watch-hand-brand-jewellery-strap-platinum.jpg\" data-object-fit=\"cover\"\/><span aria-hidden=\"true\" class=\"wp-block-cover__background has-black-background-color has-background-dim-30 has-background-dim\"><\/span><div class=\"wp-block-cover__inner-container is-layout-flow wp-block-cover-is-layout-flow\">\n<h4 class=\"wp-block-heading has-text-align-center\" style=\"margin-bottom:24px\">Fotografia retro<\/h4>\n\n\n\n<p class=\"has-text-align-center has-link-color wp-elements-5ae798d9f652981e542e54e5481ef1bf\" style=\"margin-top:0;margin-bottom:0;padding-top:0;padding-bottom:0\">\n\t\t\t\t\t\t<a href=\"https:\/\/e-kancelaria24.pl\/?page_id=5\" data-type=\"link\" data-id=\"https:\/\/e-kancelaria24.pl\/?page_id=5\">Kup teraz<\/a>\n\t\t\t\t\t<\/p>\n<\/div><\/div>\n<\/div>\n\n\n\n<div class=\"wp-block-column is-layout-flow wp-block-column-is-layout-flow\">\n<div class=\"wp-block-cover has-custom-content-position is-position-bottom-center is-light has-white-color\" style=\"padding-bottom:56px\"><img decoding=\"async\" class=\"wp-block-cover__image-background wp-image-1\" alt=\"Obrazek zast\u0119pczy u\u017cywany do przedstawienia produkt\u00f3w prezentowanych na banerze wyr\u00f3\u017cnionych kategorii. 3 z 3\" src=\"https:\/\/e-kancelaria24.pl\/wp-content\/plugins\/woocommerce\/assets\/images\/pattern-placeholders\/white-vase-decoration-pattern-ceramic-lamp.jpg\" data-object-fit=\"cover\"\/><span aria-hidden=\"true\" class=\"wp-block-cover__background has-black-background-color has-background-dim-30 has-background-dim\"><\/span><div class=\"wp-block-cover__inner-container is-layout-flow wp-block-cover-is-layout-flow\">\n<h4 class=\"wp-block-heading has-text-align-center\" style=\"margin-bottom:24px\">R\u0119cznie robione prezenty<\/h4>\n\n\n\n<p class=\"has-text-align-center has-link-color wp-elements-5ae798d9f652981e542e54e5481ef1bf\" style=\"margin-top:0;margin-bottom:0;padding-top:0;padding-bottom:0\">\n\t\t\t\t\t\t<a href=\"https:\/\/e-kancelaria24.pl\/?page_id=5\" data-type=\"link\" data-id=\"https:\/\/e-kancelaria24.pl\/?page_id=5\">Kup teraz<\/a>\n\t\t\t\t\t<\/p>\n<\/div><\/div>\n<\/div>\n<\/div>\n\n\n\n<div style=\"height:calc( 0.25 * var(--wp--style--root--padding-right, var(--wp--custom--gap--horizontal)))\" aria-hidden=\"true\" class=\"wp-block-spacer\"><\/div>\n<\/div><\/div>\n","protected":false},"excerpt":{"rendered":"<p>e-kancelaria24.pl Szybka pomoc prawna bez wychodzenia z domu Podnie\u015b sw\u00f3j st\u00f3\u0142 dzi\u0119ki szklanemu dzbankowi Retro o pojemno\u015bci 330 ml, \u0142\u0105cz\u0105cemu klasyczny design i wytrzyma\u0142e szk\u0142o hartowane. Wytrzyma\u0142e szk\u0142o Wykonany z wytrzyma\u0142ego, grubego szk\u0142a dzbanek zapewnia trwa\u0142\u0105 jako\u015b\u0107, dzi\u0119ki czemu idealnie nadaje si\u0119 do codziennego u\u017cytku z odrobin\u0105 uroku vintage. Wszechstronny urok Klasyczna sylwetka szklanego dzbanka [&hellip;]<\/p>\n","protected":false},"author":1,"featured_media":0,"parent":0,"menu_order":0,"comment_status":"closed","ping_status":"closed","template":"","meta":{"footnotes":""},"class_list":["post-12","page","type-page","status-publish","hentry"],"jetpack_sharing_enabled":true,"_links":{"self":[{"href":"https:\/\/e-kancelaria24.pl\/index.php?rest_route=\/wp\/v2\/pages\/12","targetHints":{"allow":["GET"]}}],"collection":[{"href":"https:\/\/e-kancelaria24.pl\/index.php?rest_route=\/wp\/v2\/pages"}],"about":[{"href":"https:\/\/e-kancelaria24.pl\/index.php?rest_route=\/wp\/v2\/types\/page"}],"author":[{"embeddable":true,"href":"https:\/\/e-kancelaria24.pl\/index.php?rest_route=\/wp\/v2\/users\/1"}],"replies":[{"embeddable":true,"href":"https:\/\/e-kancelaria24.pl\/index.php?rest_route=%2Fwp%2Fv2%2Fcomments&post=12"}],"version-history":[{"count":16,"href":"https:\/\/e-kancelaria24.pl\/index.php?rest_route=\/wp\/v2\/pages\/12\/revisions"}],"predecessor-version":[{"id":81,"href":"https:\/\/e-kancelaria24.pl\/index.php?rest_route=\/wp\/v2\/pages\/12\/revisions\/81"}],"wp:attachment":[{"href":"https:\/\/e-kancelaria24.pl\/index.php?rest_route=%2Fwp%2Fv2%2Fmedia&parent=12"}],"curies":[{"name":"wp","href":"https:\/\/api.w.org\/{rel}","templated":true}]}}