{"id":138,"date":"2026-02-01T02:29:52","date_gmt":"2026-02-01T01:29:52","guid":{"rendered":"https:\/\/e-kancelaria24.pl\/?post_type=product&#038;p=138"},"modified":"2026-02-01T02:30:52","modified_gmt":"2026-02-01T01:30:52","slug":"reklamacje-i-spory","status":"publish","type":"product","link":"https:\/\/e-kancelaria24.pl\/?product=reklamacje-i-spory","title":{"rendered":"Reklamacje i spory"},"content":{"rendered":"<p>Reklamacje us\u0142ugi i towar\u00f3w<\/p>\n<p>Gwarancja i r\u0119kojmia<\/p>\n<p>&nbsp;<\/p>\n","protected":false},"excerpt":{"rendered":"<p>Reklamacje us\u0142ugi i towar\u00f3w Gwarancja i r\u0119kojmia &nbsp;<\/p>\n","protected":false},"featured_media":0,"comment_status":"open","ping_status":"closed","template":"","meta":[],"product_brand":[],"product_cat":[15],"product_tag":[],"class_list":{"0":"post-138","1":"product","2":"type-product","3":"status-publish","5":"product_cat-uncategorized","7":"first","8":"instock","9":"virtual","10":"taxable","11":"purchasable","12":"product-type-simple"},"jetpack_sharing_enabled":true,"_links":{"self":[{"href":"https:\/\/e-kancelaria24.pl\/index.php?rest_route=\/wp\/v2\/product\/138","targetHints":{"allow":["GET"]}}],"collection":[{"href":"https:\/\/e-kancelaria24.pl\/index.php?rest_route=\/wp\/v2\/product"}],"about":[{"href":"https:\/\/e-kancelaria24.pl\/index.php?rest_route=\/wp\/v2\/types\/product"}],"replies":[{"embeddable":true,"href":"https:\/\/e-kancelaria24.pl\/index.php?rest_route=%2Fwp%2Fv2%2Fcomments&post=138"}],"wp:attachment":[{"href":"https:\/\/e-kancelaria24.pl\/index.php?rest_route=%2Fwp%2Fv2%2Fmedia&parent=138"}],"wp:term":[{"taxonomy":"product_brand","embeddable":true,"href":"https:\/\/e-kancelaria24.pl\/index.php?rest_route=%2Fwp%2Fv2%2Fproduct_brand&post=138"},{"taxonomy":"product_cat","embeddable":true,"href":"https:\/\/e-kancelaria24.pl\/index.php?rest_route=%2Fwp%2Fv2%2Fproduct_cat&post=138"},{"taxonomy":"product_tag","embeddable":true,"href":"https:\/\/e-kancelaria24.pl\/index.php?rest_route=%2Fwp%2Fv2%2Fproduct_tag&post=138"}],"curies":[{"name":"wp","href":"https:\/\/api.w.org\/{rel}","templated":true}]}}